{"id":11,"date":"2023-01-17T18:21:41","date_gmt":"2023-01-17T17:21:41","guid":{"rendered":"http:\/\/ziegelsteine.expert\/?page_id=11"},"modified":"2023-01-17T18:21:41","modified_gmt":"2023-01-17T17:21:41","slug":"privat-policy","status":"publish","type":"page","link":"https:\/\/ziegelsteine.expert\/?page_id=11","title":{"rendered":"Privat Policy"},"content":{"rendered":"\n<pre class=\"wp-block-preformatted\">die Ende Mai 2018 in Kraft getretene Datenschutzgrundverordnung veranlasst uns, Sie dar\u00fcber zu informieren, dass in unserem Hause Daten \u00fcber Ihr Unternehmen bzw. Ihrer Person gespeichert und vorgehalten werden.\nDieses betrifft vorwiegend Daten, wie Anschriften, Telefonnummern, Ansprechpartner, artikelspezifische Daten sowie die Daten \u00fcber unseren Gesch\u00e4ftsprozess (Angebote, Lieferscheine, Rechnungen, Bilder etc.).\nWir machen Sie darauf aufmerksam, dass diese Daten in unserem Hause ausschlie\u00dflich zum Zwecke der Abwicklung unserer Gesch\u00e4ftsbeziehung verwendet und vorgehalten werden. Die Daten werden weder f\u00fcr andere Zwecke verwendet, noch Anderen zum Zwecke anderer Verwendung zug\u00e4nglich gemacht. Die Daten sind bei uns vor fremden und unbefugtem Zugriff gesch\u00fctzt.\nWir weisen ebenso darauf hin, dass wir auch in Zukunft entstehende Daten, der oben beschriebenen Art, weiterhin bis zum Ende der gesetzlichen Aufbewahrungsfrist speichern werden, da dieses zur Abwicklung unseres Gesch\u00e4ftsablaufes notwendig ist.\nSollten Sie damit nicht einverstanden sein, so richten Sie Ihre Bedenken bitte schriftlich an folgende Anschrift:Hybris sp. z o.o., ul.Kazimierza Wielkiego, 16 \/ 3, 65-047 ZIELONA G\u00d3RA<\/pre>\n","protected":false},"excerpt":{"rendered":"<div class=\"mh-excerpt\"><p>die Ende Mai 2018 in Kraft getretene Datenschutzgrundverordnung veranlasst uns, Sie dar\u00fcber zu informieren, dass in unserem Hause Daten \u00fcber Ihr Unternehmen bzw. Ihrer Person <a class=\"mh-excerpt-more\" href=\"https:\/\/ziegelsteine.expert\/?page_id=11\" title=\"Privat Policy\">[&#8230;]<\/a><\/p>\n<\/div>","protected":false},"author":1,"featured_media":0,"parent":0,"menu_order":0,"comment_status":"closed","ping_status":"closed","template":"","meta":{"footnotes":""},"class_list":["post-11","page","type-page","status-publish","hentry"],"_links":{"self":[{"href":"https:\/\/ziegelsteine.expert\/index.php?rest_route=\/wp\/v2\/pages\/11","targetHints":{"allow":["GET"]}}],"collection":[{"href":"https:\/\/ziegelsteine.expert\/index.php?rest_route=\/wp\/v2\/pages"}],"about":[{"href":"https:\/\/ziegelsteine.expert\/index.php?rest_route=\/wp\/v2\/types\/page"}],"author":[{"embeddable":true,"href":"https:\/\/ziegelsteine.expert\/index.php?rest_route=\/wp\/v2\/users\/1"}],"replies":[{"embeddable":true,"href":"https:\/\/ziegelsteine.expert\/index.php?rest_route=%2Fwp%2Fv2%2Fcomments&post=11"}],"version-history":[{"count":1,"href":"https:\/\/ziegelsteine.expert\/index.php?rest_route=\/wp\/v2\/pages\/11\/revisions"}],"predecessor-version":[{"id":13,"href":"https:\/\/ziegelsteine.expert\/index.php?rest_route=\/wp\/v2\/pages\/11\/revisions\/13"}],"wp:attachment":[{"href":"https:\/\/ziegelsteine.expert\/index.php?rest_route=%2Fwp%2Fv2%2Fmedia&parent=11"}],"curies":[{"name":"wp","href":"https:\/\/api.w.org\/{rel}","templated":true}]}}